{"id":755,"date":"2010-06-20T17:23:04","date_gmt":"2010-06-20T16:23:04","guid":{"rendered":"http:\/\/www.janstrauss.com\/?page_id=755"},"modified":"2011-05-31T10:51:15","modified_gmt":"2011-05-31T09:51:15","slug":"zwiebelkuchen","status":"publish","type":"page","link":"https:\/\/www.janstrauss.com\/?page_id=755","title":{"rendered":"Schmackofatz"},"content":{"rendered":"<p><strong>Zwiebelkuchen<\/strong><\/p>\n<p><img loading=\"lazy\" decoding=\"async\" class=\"alignnone size-full wp-image-745\" style=\"border: 1px solid black;\" title=\"rezept_01\" src=\"http:\/\/www.janstrauss.com\/wp-content\/uploads\/2008\/12\/rezept_01.jpg\" alt=\"rezept_01\" width=\"200\" height=\"134\" \/><\/p>\n<p>Zutaten:<\/p>\n<p>400 g Bauchspeck<br \/>\n500 g Mehl<br \/>\n2 P\u00e4ckchen Backhefe<br \/>\nca 400 ml lauwarmes Wasser<br \/>\n6-7 gro\u00dfe Zwiebeln<br \/>\n4-6 Eier<br \/>\n1 Becher saure Sahne (cr\u00e8me fra\u00eeche geht auch)<br \/>\nSalz<br \/>\nK\u00fcmmel<\/p>\n<p>Und so wirds gemacht:<\/p>\n<p>In einer Sch\u00fcssel Mehl, Backhefe und eine Prise Salz vermischen.  Schrittweise das Wasser (Blo\u00df nicht zuviel!) dazugeben und gut durchkneten.<\/p>\n<p>Dann Backpapier aufs Blech legen und den Teig gleichm\u00e4\u00dfig darauf  verteilen. Den Teig 30 Minuten bei ca 50\u00b0C im Ofen gehen lassen.<\/p>\n<p>Bauchspeck w\u00fcrfeln und anbraten. Zwiebeln sch\u00e4len, ebenfalls w\u00fcrfeln,  zum Speck dazugeben und bei niedriger Temperatur and\u00fcnsten &#8211; nicht  braun werden lassen! Eier zusammen mit der Sahne, K\u00fcmmel und einer Prise  Salz schaumig schlagen.<\/p>\n<p>Die Zwiebel-Speck-Mischung auf dem Teig verteilen und mit der  Ei-Sahne \u00dcbergie\u00dfen. Den Kuchen im vorgeheizten Ofen auf mittlerer  Schiene bei 200\u00b0C ca 30 Minuten backen. Eventuell nach 15 Minuten auf  180\u00b0C zur\u00fcckschalten.<\/p>\n<p><strong>\u00dcberbackener Rosenkohl<\/strong><\/p>\n<p><img loading=\"lazy\" decoding=\"async\" class=\"alignnone size-full wp-image-996\" style=\"border: 1px solid black;\" title=\"rezept_02\" src=\"http:\/\/www.janstrauss.com\/wp-content\/uploads\/2010\/06\/rezept_02.jpg\" alt=\"\" width=\"200\" height=\"134\" \/><\/p>\n<p>Zutaten:<\/p>\n<p>1 kg Rosenkohl<br \/>\n2 Zwiebeln<br \/>\n1 Knoblauchzehe<br \/>\n125 g Butter<br \/>\n200 ml Wasser<br \/>\ngeriebene Muskatnu\u00df<br \/>\n100 g Semmelbr\u00f6sel<br \/>\n300 g Kasseler<br \/>\nSalz, schwarzer Pfeffer<br \/>\nButter f\u00fcr die Form<\/p>\n<p>Und so wirds gemacht:<\/p>\n<p>Rosenkohl (Feinfrost-Rosenkohl geht auch &#8211; vorher auftauen lassen.) putzen, waschen und den Strunk kreuzf\u00f6rmig einschneiden. Zwiebeln und Knoblauch sch\u00e4len. Die Zwiebeln in feine W\u00fcrfel schneiden.<\/p>\n<p>Dann in einen gro\u00dfen Topf 2 EL Butter geben, die Zwiebelw\u00fcrfel darin glasig d\u00fcnsten und den Knoblauch dar\u00fcber pressen. Rosenkohl dazu geben, kurz anbraten und mit Wasser abl\u00f6schen. Mit Muskat w\u00fcrzen und bei geschlossenem Deckel und schwacher Hitze 15 Minuten garen.<\/p>\n<p>Backofen auf 200\u00b0C vorheizen, Auflaufform ausbuttern. Die restliche Butter in der Pfanne erhitzen und die Semmelbr\u00f6sel goldbraun r\u00f6sten.<\/p>\n<p>Kasseler w\u00fcrfeln und zusammen mit der Rosenkohl-Zwiebel-Mischung in die Auflaufform schichten und mit Salz und Pfeffer w\u00fcrzen. Semmelbr\u00f6sel dar\u00fcber geben und im Ofen 15 Minuten \u00fcberbacken.<\/p>\n<p><strong>Ingwerpl\u00e4tzchen<\/strong><\/p>\n<p><strong><img loading=\"lazy\" decoding=\"async\" class=\"alignnone size-full wp-image-1149\" style=\"border: 1px solid black;\" title=\"rezept_03\" src=\"http:\/\/www.janstrauss.com\/wp-content\/uploads\/2010\/06\/rezept_03.jpg\" alt=\"\" width=\"200\" height=\"134\" \/><\/strong><\/p>\n<p>Zutaten:<\/p>\n<p>350 g Mehl<br \/>\n3 1\/2 TL Backpulver<br \/>\n1 Prise Salz<br \/>\n200 g Zucker<br \/>\n1 TL Ingwerpulver<br \/>\n1 TL Natron<br \/>\n125 g Butter<br \/>\n75 g heller Sirup (Honig tuts auch)<br \/>\n1 verquirltes Ei<br \/>\n1 TL geriebene Orangenschale (oder Orangeat)<\/p>\n<p>Und so wirds gemacht:<\/p>\n<p>Zwei bis drei Backbleche einfetten. Wenn man nur eins hat, muss man halt in drei Durchg\u00e4ngen backen.<\/p>\n<p>Mehl, Backpulver, Salz, Zucker, Ingwer und Natron in eine Sch\u00fcssel sieben. Solange Butter und Sirup in einem Topf erw\u00e4rmen, bis die Butter geschmolzen ist. Das Butter-Sirup-Gemisch leicht abk\u00fchlen lassen und zusammen mit dem verquirlten Ei und der Orangenschale zu den anderen Zutaten in die Sch\u00fcssel geben. Alles gut durchkneten.<\/p>\n<p>30 gleich gro\u00dfe Kugeln formen, diese dann mit gen\u00fcgend Abstand (Also etwa 10 pro Blech!) auf den Blechen verteilen und leicht flach dr\u00fccken. Aufpassen: die Pl\u00e4tzchen laufen SEHR breit.<\/p>\n<p>Pl\u00e4tzchen im vorgeheizten Backofen 15-20 Minuten bei 160\u00b0C backen, dann auf einem Rost abk\u00fchlen lassen. Nochmal aufpassen: die Pl\u00e4tzchen sind noch weich und h\u00e4rten erst beim Abk\u00fchlen aus.<\/p>\n","protected":false},"excerpt":{"rendered":"<p>Zwiebelkuchen Zutaten: 400 g Bauchspeck 500 g Mehl 2 P\u00e4ckchen Backhefe ca 400 ml lauwarmes Wasser 6-7 gro\u00dfe Zwiebeln 4-6 Eier 1 Becher saure Sahne (cr\u00e8me fra\u00eeche geht auch) Salz K\u00fcmmel Und so wirds gemacht: In einer Sch\u00fcssel Mehl, Backhefe und eine Prise Salz vermischen. Schrittweise das Wasser (Blo\u00df nicht zuviel!) dazugeben und gut durchkneten. [&hellip;]<\/p>\n","protected":false},"author":1,"featured_media":0,"parent":0,"menu_order":0,"comment_status":"open","ping_status":"closed","template":"","meta":{"footnotes":""},"class_list":["post-755","page","type-page","status-publish","hentry"],"_links":{"self":[{"href":"https:\/\/www.janstrauss.com\/index.php?rest_route=\/wp\/v2\/pages\/755"}],"collection":[{"href":"https:\/\/www.janstrauss.com\/index.php?rest_route=\/wp\/v2\/pages"}],"about":[{"href":"https:\/\/www.janstrauss.com\/index.php?rest_route=\/wp\/v2\/types\/page"}],"author":[{"embeddable":true,"href":"https:\/\/www.janstrauss.com\/index.php?rest_route=\/wp\/v2\/users\/1"}],"replies":[{"embeddable":true,"href":"https:\/\/www.janstrauss.com\/index.php?rest_route=%2Fwp%2Fv2%2Fcomments&post=755"}],"version-history":[{"count":11,"href":"https:\/\/www.janstrauss.com\/index.php?rest_route=\/wp\/v2\/pages\/755\/revisions"}],"predecessor-version":[{"id":759,"href":"https:\/\/www.janstrauss.com\/index.php?rest_route=\/wp\/v2\/pages\/755\/revisions\/759"}],"wp:attachment":[{"href":"https:\/\/www.janstrauss.com\/index.php?rest_route=%2Fwp%2Fv2%2Fmedia&parent=755"}],"curies":[{"name":"wp","href":"https:\/\/api.w.org\/{rel}","templated":true}]}}